{"id":208,"date":"2023-11-11T16:49:21","date_gmt":"2023-11-11T15:49:21","guid":{"rendered":"http:\/\/cultura.arqtgn.cat\/comision-de-la-delegacion\/"},"modified":"2025-05-07T15:35:30","modified_gmt":"2025-05-07T13:35:30","slug":"comision-de-la-delegacion","status":"publish","type":"page","link":"https:\/\/cultura.arqtgn.cat\/es\/comision-de-la-delegacion\/","title":{"rendered":"Comisi\u00f3n de la Delegaci\u00f3n"},"content":{"rendered":"<p>[et_pb_section fb_built=\u00bb1&#8243; fullwidth=\u00bbon\u00bb _builder_version=\u00bb4.21.0&#8243; _module_preset=\u00bbdefault\u00bb bottom_divider_style=\u00bbarrow3&#8243; bottom_divider_color=\u00bb#FFFFFF\u00bb global_colors_info=\u00bb{}\u00bb][et_pb_fullwidth_header title=\u00bbComisi\u00f3n de la Delegaci\u00f3n\u00bb text_orientation=\u00bbcenter\u00bb _builder_version=\u00bb4.21.0&#8243; _module_preset=\u00bbdefault\u00bb title_font=\u00bb|800|||||||\u00bb title_text_color=\u00bb#000000&#8243; title_font_size=\u00bb43px\u00bb background_enable_color=\u00bboff\u00bb background_image=\u00bbhttps:\/\/cultura.arqtgn.cat\/wp-content\/uploads\/sites\/121\/2023\/11\/qui-som.jpg\u00bb global_colors_info=\u00bb{}\u00bb][\/et_pb_fullwidth_header][\/et_pb_section][et_pb_section fb_built=\u00bb1&#8243; _builder_version=\u00bb4.21.0&#8243; _module_preset=\u00bbdefault\u00bb global_colors_info=\u00bb{}\u00bb][et_pb_row column_structure=\u00bb1_5,3_5,1_5&#8243; _builder_version=\u00bb4.21.0&#8243; _module_preset=\u00bbdefault\u00bb global_colors_info=\u00bb{}\u00bb][et_pb_column type=\u00bb1_5&#8243; _builder_version=\u00bb4.21.0&#8243; _module_preset=\u00bbdefault\u00bb global_colors_info=\u00bb{}\u00bb][\/et_pb_column][et_pb_column type=\u00bb3_5&#8243; _builder_version=\u00bb4.21.0&#8243; _module_preset=\u00bbdefault\u00bb global_colors_info=\u00bb{}\u00bb][et_pb_text _builder_version=\u00bb4.27.4&#8243; _module_preset=\u00bbdefault\u00bb hover_enabled=\u00bb0&#8243; global_colors_info=\u00bb{}\u00bb sticky_enabled=\u00bb0&#8243;]<\/p>\n<h2 style=\"text-align: center\"><strong>COMISI\u00d3N<\/strong><\/h2>\n<p><strong>Delegado:<br \/><\/strong>Andreu Mu\u00f1oz Melgar<\/p>\n<p><em>Asesores:<\/em><br \/>Mn. Antoni P. Mart\u00ednez Sub\u00edas, <em>para temas de patrimonio<br \/><\/em>Sr. Josep Poblet Tous<em>, para temas de cultura y gesti\u00f3n<\/em><\/p>\n<p><strong>Grupo de pensamiento cristiano:<br \/><\/strong>Maria Dolors Sard\u00e0 Lozano<br \/>Sergio Nasarre Aznar<\/p>\n<p><strong>Secretaria t\u00e9cnica para el patrimonio inmueble catalogado:<br \/><\/strong>Roser Mart\u00edn Estepa<\/p>\n<p><strong>Secretaria t\u00e9cnica para el patrimonio mueble catalogado:<br \/><\/strong>Marta Serrano Coll<\/p>\n<p><strong>Patrimonio documental y bibliogr\u00e1fico:<br \/><\/strong>Mn. Albert Viciano Vives,<br \/><em>Director del Archivo Hist\u00f3rico Archidiocesano de Tarragona y de la Biblioteca del Seminario Pontificio de Tarragona<\/em><\/p>\n<p>Joan Maria Quijada Bosch,<br \/><em>T\u00e9cnico del Archivo Hist\u00f3rico Archidiocesano de Tarragona<\/em><\/p>\n<p>Sergi Guardiola Mart\u00ednez,<br \/><em>T\u00e9cnico de la Biblioteca del Seminario Pontificio de Tarragona<\/em><\/p>\n<p>Marcel Pallej\u00e0 Blay,<br \/><em>Director de la Librer\u00eda del Arzobispado de Tarragona<\/em><\/p>\n<p><strong>Patrimonio muse\u00edstico:<br \/><\/strong>Andreu Mu\u00f1oz Melgar,<br \/><em>Director del Museo B\u00edblico Tarraconense y del Museo Diocesano de Tarragona<\/em><\/p>\n<p>M\u00edriam Ramon Mas,<br \/><em>Conservadora del Museo B\u00edblico Tarraconense y del Museo Diocesano de Tarragona<\/em><\/p>\n<p><strong>Patrimonio musical:<br \/><\/strong>Mn. Jaume Gen\u00e9 Nolla,<br \/><em>Director del Secretariado diocesano de M\u00fasica Sacra<\/em><\/p>\n<p><strong>Turismo religioso:<br \/><\/strong>Jordi Folch Ras,<br \/><em>Director del Secretariado de pastoral del turismo<\/em><\/p>\n<p>M\u00edriam Ramon Mas,<br \/><em>Directora del Secretariado de pastoral del turismo<\/em><\/p>\n<p><strong>Di\u00e1logo interreligioso:<br \/><\/strong>Mn. Marcus Vinicius Teixeira,<br \/><em>Director del Secretariado del di\u00e1logo interreligioso<\/em><\/p>\n<p><strong>Administrativos:<br \/><\/strong>Daniel Pallej\u00e0 Blay,<br \/><em>Museos Diocesanos<\/em><\/p>\n<p>Rosalia Gras Minguella,<br \/><em>Archivo Hist\u00f3rico Archidiocesano de Tarragona<\/em><\/p>\n<p>Gemma Mart\u00edn Casterlenas,<br \/><em>Biblioteca del Seminario<\/em><\/p>\n<p>Montserrat Estebanell Salas,<br \/><em>Libreria del Arzobispado<\/em><\/p>\n<p><strong>Coordinadora Seminari Casa de Cultura:<br \/><\/strong>Ana Arroyo Aparicio<\/p>\n<p>[\/et_pb_text][\/et_pb_column][et_pb_column type=\u00bb1_5&#8243; _builder_version=\u00bb4.21.0&#8243; _module_preset=\u00bbdefault\u00bb global_colors_info=\u00bb{}\u00bb][\/et_pb_column][\/et_pb_row][\/et_pb_section]<\/p>\n","protected":false},"excerpt":{"rendered":"<p>COMISI\u00d3N Delegado:Andreu Mu\u00f1oz Melgar Asesores:Mn. Antoni P. Mart\u00ednez Sub\u00edas, para temas de patrimonioSr. Josep Poblet Tous, para temas de cultura y gesti\u00f3n Grupo de pensamiento cristiano:Maria Dolors Sard\u00e0 LozanoSergio Nasarre [&hellip;]<\/p>\n","protected":false},"author":59,"featured_media":0,"parent":0,"menu_order":0,"comment_status":"closed","ping_status":"closed","template":"","meta":{"_et_pb_use_builder":"on","_et_pb_old_content":"","_et_gb_content_width":"","footnotes":""},"class_list":["post-208","page","type-page","status-publish","hentry"],"amp_enabled":true,"_links":{"self":[{"href":"https:\/\/cultura.arqtgn.cat\/es\/wp-json\/wp\/v2\/pages\/208","targetHints":{"allow":["GET"]}}],"collection":[{"href":"https:\/\/cultura.arqtgn.cat\/es\/wp-json\/wp\/v2\/pages"}],"about":[{"href":"https:\/\/cultura.arqtgn.cat\/es\/wp-json\/wp\/v2\/types\/page"}],"author":[{"embeddable":true,"href":"https:\/\/cultura.arqtgn.cat\/es\/wp-json\/wp\/v2\/users\/59"}],"replies":[{"embeddable":true,"href":"https:\/\/cultura.arqtgn.cat\/es\/wp-json\/wp\/v2\/comments?post=208"}],"version-history":[{"count":8,"href":"https:\/\/cultura.arqtgn.cat\/es\/wp-json\/wp\/v2\/pages\/208\/revisions"}],"predecessor-version":[{"id":2666,"href":"https:\/\/cultura.arqtgn.cat\/es\/wp-json\/wp\/v2\/pages\/208\/revisions\/2666"}],"wp:attachment":[{"href":"https:\/\/cultura.arqtgn.cat\/es\/wp-json\/wp\/v2\/media?parent=208"}],"curies":[{"name":"wp","href":"https:\/\/api.w.org\/{rel}","templated":true}]}}