{"id":218,"date":"2023-11-10T18:33:07","date_gmt":"2023-11-10T17:33:07","guid":{"rendered":"http:\/\/cultura.arqtgn.cat\/inicio\/"},"modified":"2025-04-25T12:58:06","modified_gmt":"2025-04-25T10:58:06","slug":"inici","status":"publish","type":"page","link":"https:\/\/cultura.arqtgn.cat\/es\/","title":{"rendered":"Inici"},"content":{"rendered":"<p>[et_pb_section fb_built=\u00bb1&#8243; _builder_version=\u00bb4.21.0&#8243; _module_preset=\u00bbdefault\u00bb global_colors_info=\u00bb{}\u00bb][et_pb_row _builder_version=\u00bb4.21.0&#8243; _module_preset=\u00bbdefault\u00bb global_colors_info=\u00bb{}\u00bb][et_pb_column type=\u00bb4_4&#8243; _builder_version=\u00bb4.21.0&#8243; _module_preset=\u00bbdefault\u00bb global_colors_info=\u00bb{}\u00bb][et_pb_slider disabled_on=\u00bbon|on|on\u00bb _builder_version=\u00bb4.23.1&#8243; _dynamic_attributes=\u00bblink_option_url\u00bb _module_preset=\u00bbdefault\u00bb custom_button=\u00bbon\u00bb button_bg_color=\u00bb#E09900&#8243; button_custom_margin=\u00bb||||false|false\u00bb button_custom_padding=\u00bb0px||0px||false|false\u00bb link_option_url=\u00bb@ET-DC@eyJkeW5hbWljIjp0cnVlLCJjb250ZW50IjoicG9zdF9saW5rX3VybF90cmliZV9ldmVudHMiLCJzZXR0aW5ncyI6eyJwb3N0X2lkIjoiNjgifX0=@\u00bb disabled=\u00bbon\u00bb global_colors_info=\u00bb{}\u00bb][et_pb_slide heading=\u00bb\u00abNATUS EST IN BETHLEHEM\u00bb\u00bb button_text=\u00bbM\u00e9s informaci\u00f3\u00bb\u00bb button_link=\u00bb@ET-DC@eyJkeW5hbWljIjp0cnVlLCJjb250ZW50IjoicG9zdF9saW5rX3VybF90cmliZV9ldmVudHMiLCJzZXR0aW5ncyI6eyJwb3N0X2lkIjoiNjgifX0=@\u00bb _builder_version=\u00bb4.21.0&#8243; _dynamic_attributes=\u00bbbutton_link\u00bb _module_preset=\u00bbdefault\u00bb background_enable_color=\u00bboff\u00bb background_image=\u00bbhttps:\/\/cultura.arqtgn.cat\/wp-content\/uploads\/sites\/121\/2023\/11\/Expo-pessebre_v2.jpg\u00bb background_enable_image=\u00bbon\u00bb custom_padding=\u00bb70px||17px||false|false\u00bb global_colors_info=\u00bb{}\u00bb sticky_transition=\u00bbon\u00bb]<\/p>\n<h3>Exposici\u00f3<\/h3>\n<h2><strong>Un recorregut a trav\u00e9s de l&#8217;art<\/strong><\/h2>\n<p>[\/et_pb_slide][\/et_pb_slider][et_pb_text admin_label=\u00bbTITOL NOTICIES\u00bb _builder_version=\u00bb4.21.0&#8243; _module_preset=\u00bbdefault\u00bb text_font=\u00bbPoiret One|700||on|||||\u00bb text_text_color=\u00bb#E09900&#8243; text_font_size=\u00bb34px\u00bb text_orientation=\u00bbcenter\u00bb min_height=\u00bb34px\u00bb custom_margin=\u00bb53px|||||\u00bb global_colors_info=\u00bb{}\u00bb]<\/p>\n<p>NOT\u00cdCIES<\/p>\n<p>[\/et_pb_text][et_pb_blog fullwidth=\u00bboff\u00bb posts_number=\u00bb6&#8243; excerpt_length=\u00bb90&#8243; show_more=\u00bbon\u00bb show_author=\u00bboff\u00bb module_class=\u00bbClase CSS: igualar-alturas\u00bb _builder_version=\u00bb4.21.0&#8243; _module_preset=\u00bbdefault\u00bb header_font=\u00bb|||on|||||\u00bb header_text_color=\u00bb#E09900&#8243; header_font_size=\u00bb18px\u00bb body_font_size=\u00bb16px\u00bb body_line_height=\u00bb1.4em\u00bb meta_font_size=\u00bb13px\u00bb border_width_all=\u00bb0px\u00bb box_shadow_style=\u00bbpreset2&#8243; global_colors_info=\u00bb{}\u00bb][\/et_pb_blog][et_pb_code _builder_version=\u00bb4.24.0&#8243; _module_preset=\u00bbdefault\u00bb global_colors_info=\u00bb{}\u00bb]<\/p>\n<style><!-- [et_pb_line_break_holder] -->@media all and (min-width: 981px) {<!-- [et_pb_line_break_holder] -->.igualar-alturas .et_pb_post {<!-- [et_pb_line_break_holder] -->min-height: 500px;<!-- [et_pb_line_break_holder] -->}<!-- [et_pb_line_break_holder] -->}<!-- [et_pb_line_break_holder] --><\/style>\n<p>[\/et_pb_code][\/et_pb_column][\/et_pb_row][et_pb_row column_structure=\u00bb1_3,1_3,1_3&#8243; _builder_version=\u00bb4.21.0&#8243; _module_preset=\u00bbdefault\u00bb min_height=\u00bb61.9px\u00bb custom_margin=\u00bb-15px|auto||auto||\u00bb custom_padding=\u00bb11px||3px|||\u00bb global_colors_info=\u00bb{}\u00bb][et_pb_column type=\u00bb1_3&#8243; _builder_version=\u00bb4.21.0&#8243; _module_preset=\u00bbdefault\u00bb global_colors_info=\u00bb{}\u00bb][et_pb_button button_url=\u00bbhttp:\/\/cultura.arqtgn.cat\/noticies\/\u00bb button_text=\u00bbM\u00e9s not\u00edcies \u00bb\u00bb _builder_version=\u00bb4.27.4&#8243; _module_preset=\u00bbdefault\u00bb custom_button=\u00bbon\u00bb button_text_size=\u00bb16px\u00bb hover_enabled=\u00bb0&#8243; global_colors_info=\u00bb{}\u00bb sticky_enabled=\u00bb0&#8243;][\/et_pb_button][\/et_pb_column][et_pb_column type=\u00bb1_3&#8243; _builder_version=\u00bb4.21.0&#8243; _module_preset=\u00bbdefault\u00bb global_colors_info=\u00bb{}\u00bb][\/et_pb_column][et_pb_column type=\u00bb1_3&#8243; _builder_version=\u00bb4.21.0&#8243; _module_preset=\u00bbdefault\u00bb global_colors_info=\u00bb{}\u00bb][\/et_pb_column][\/et_pb_row][et_pb_row _builder_version=\u00bb4.21.0&#8243; _module_preset=\u00bbdefault\u00bb global_colors_info=\u00bb{}\u00bb][et_pb_column type=\u00bb4_4&#8243; _builder_version=\u00bb4.21.0&#8243; _module_preset=\u00bbdefault\u00bb global_colors_info=\u00bb{}\u00bb][et_pb_divider divider_position=\u00bbcenter\u00bb _builder_version=\u00bb4.21.0&#8243; _module_preset=\u00bbdefault\u00bb global_colors_info=\u00bb{}\u00bb][\/et_pb_divider][\/et_pb_column][\/et_pb_row][et_pb_row _builder_version=\u00bb4.21.0&#8243; _module_preset=\u00bbdefault\u00bb global_colors_info=\u00bb{}\u00bb][et_pb_column type=\u00bb4_4&#8243; _builder_version=\u00bb4.21.0&#8243; _module_preset=\u00bbdefault\u00bb global_colors_info=\u00bb{}\u00bb][et_pb_text admin_label=\u00bbTITOL AGENDA\u00bb _builder_version=\u00bb4.21.0&#8243; _module_preset=\u00bbdefault\u00bb text_font=\u00bbPoiret One|700||on|||||\u00bb text_text_color=\u00bb#E09900&#8243; text_font_size=\u00bb34px\u00bb text_orientation=\u00bbcenter\u00bb global_colors_info=\u00bb{}\u00bb]<\/p>\n<p>AGENDA<\/p>\n<p>[\/et_pb_text][\/et_pb_column][\/et_pb_row][\/et_pb_section][et_pb_section fb_built=\u00bb1&#8243; _builder_version=\u00bb4.21.0&#8243; _module_preset=\u00bbdefault\u00bb background_image=\u00bbhttps:\/\/cultura.arqtgn.cat\/wp-content\/uploads\/sites\/121\/2023\/11\/fons_agenda_v2-scaled-1.jpg\u00bb bottom_divider_style=\u00bbarrow3&#8243; bottom_divider_color=\u00bb#FFFFFF\u00bb global_colors_info=\u00bb{}\u00bb][et_pb_row column_structure=\u00bb2_5,3_5&#8243; _builder_version=\u00bb4.21.0&#8243; _module_preset=\u00bbdefault\u00bb global_colors_info=\u00bb{}\u00bb][et_pb_column type=\u00bb2_5&#8243; _builder_version=\u00bb4.21.0&#8243; _module_preset=\u00bbdefault\u00bb global_colors_info=\u00bb{}\u00bb][\/et_pb_column][et_pb_column type=\u00bb3_5&#8243; _builder_version=\u00bb4.21.0&#8243; _module_preset=\u00bbdefault\u00bb global_colors_info=\u00bb{}\u00bb][et_pb_sidebar area=\u00bbet_pb_widget_area_5&#8243; _builder_version=\u00bb4.21.0&#8243; _module_preset=\u00bbdefault\u00bb border_color_all=\u00bbRGBA(255,255,255,0)\u00bb global_colors_info=\u00bb{}\u00bb][\/et_pb_sidebar][\/et_pb_column][\/et_pb_row][\/et_pb_section]<\/p>\n","protected":false},"excerpt":{"rendered":"<p>Exposici\u00f3 Un recorregut a trav\u00e9s de l&#8217;artNOT\u00cdCIESAGENDA<\/p>\n","protected":false},"author":59,"featured_media":0,"parent":0,"menu_order":0,"comment_status":"closed","ping_status":"closed","template":"","meta":{"_et_pb_use_builder":"on","_et_pb_old_content":"","_et_gb_content_width":"","footnotes":""},"class_list":["post-218","page","type-page","status-publish","hentry"],"amp_enabled":false,"_links":{"self":[{"href":"https:\/\/cultura.arqtgn.cat\/es\/wp-json\/wp\/v2\/pages\/218","targetHints":{"allow":["GET"]}}],"collection":[{"href":"https:\/\/cultura.arqtgn.cat\/es\/wp-json\/wp\/v2\/pages"}],"about":[{"href":"https:\/\/cultura.arqtgn.cat\/es\/wp-json\/wp\/v2\/types\/page"}],"author":[{"embeddable":true,"href":"https:\/\/cultura.arqtgn.cat\/es\/wp-json\/wp\/v2\/users\/59"}],"replies":[{"embeddable":true,"href":"https:\/\/cultura.arqtgn.cat\/es\/wp-json\/wp\/v2\/comments?post=218"}],"version-history":[{"count":52,"href":"https:\/\/cultura.arqtgn.cat\/es\/wp-json\/wp\/v2\/pages\/218\/revisions"}],"predecessor-version":[{"id":2637,"href":"https:\/\/cultura.arqtgn.cat\/es\/wp-json\/wp\/v2\/pages\/218\/revisions\/2637"}],"wp:attachment":[{"href":"https:\/\/cultura.arqtgn.cat\/es\/wp-json\/wp\/v2\/media?parent=218"}],"curies":[{"name":"wp","href":"https:\/\/api.w.org\/{rel}","templated":true}]}}