{"id":533,"date":"2023-12-10T16:57:01","date_gmt":"2023-12-10T15:57:01","guid":{"rendered":"http:\/\/cultura.arqtgn.cat\/transparencia\/aviso-legal\/"},"modified":"2023-12-13T17:41:32","modified_gmt":"2023-12-13T16:41:32","slug":"aviso-legal","status":"publish","type":"page","link":"https:\/\/cultura.arqtgn.cat\/es\/transparencia\/aviso-legal\/","title":{"rendered":"Aviso legal"},"content":{"rendered":"<p>[et_pb_section fb_built=\u00bb1&#8243; fullwidth=\u00bbon\u00bb _builder_version=\u00bb4.23.1&#8243; _module_preset=\u00bbdefault\u00bb global_colors_info=\u00bb{}\u00bb][et_pb_fullwidth_header title=\u00bbAviso legal\u00bb _builder_version=\u00bb4.23.1&#8243; _module_preset=\u00bbdefault\u00bb title_font=\u00bb|600|||||||\u00bb title_text_align=\u00bbleft\u00bb title_text_color=\u00bb#0C71C3&#8243; title_font_size=\u00bb37px\u00bb background_enable_color=\u00bboff\u00bb custom_padding=\u00bb||0px||false|false\u00bb global_colors_info=\u00bb{}\u00bb][\/et_pb_fullwidth_header][\/et_pb_section][et_pb_section fb_built=\u00bb1&#8243; _builder_version=\u00bb4.23.1&#8243; _module_preset=\u00bbdefault\u00bb global_colors_info=\u00bb{}\u00bb][et_pb_row _builder_version=\u00bb4.23.1&#8243; _module_preset=\u00bbdefault\u00bb global_colors_info=\u00bb{}\u00bb][et_pb_column type=\u00bb4_4&#8243; _builder_version=\u00bb4.23.1&#8243; _module_preset=\u00bbdefault\u00bb global_colors_info=\u00bb{}\u00bb][et_pb_text _builder_version=\u00bb4.23.1&#8243; _module_preset=\u00bbdefault\u00bb hover_enabled=\u00bb0&#8243; global_colors_info=\u00bb{}\u00bb sticky_enabled=\u00bb0&#8243;]<\/p>\n<p><strong>Todos los derechos reservados.<br \/><\/strong>Esta Web ha sido creada por el ARZOBISPATO DE TARRAGONA &#8211; Delegaci\u00f3n de Cultura, con car\u00e1cter informativo y para su utilizaci\u00f3n gratuita y personal por el usuario de la misma. El acceso a esta Web implica el conocimiento y la aceptaci\u00f3n de los siguientes t\u00e9rminos:<\/p>\n<p><strong>Datos de titularidad de los sitios web<br \/><\/strong>Los nombres de dominio www.cultura.arqtgn.cat son titularidad del ARZOBISPATO DE TARRAGONA C.I.F R-4300001-G, con domicilio en Pla de Palau 2, 43003, Tarragona con email arquebisbat@arqtgn.cat. \u200b<\/p>\n<p><strong>Limitaciones de uso<br \/><\/strong>Los usuarios que accedan a esta Web est\u00e1n autorizados para visualizar toda la informaci\u00f3n y contenidos de la misma, as\u00ed como para efectuar \u201cdownload\u201d o reproducciones privadas de la misma en sus terminales, siempre que los elementos reproducidos sean destinados EXCLUSIVAMENTE POR USO PERSONAL DEL USUARIO Y PARA USOS CON FINES EDUCATIVOS, y no sean posteriormente cedidos o transmitidos a terceros, ni se instalen en cualquier servidor de forma que sea posible el acceso de terceros a la citada informaci\u00f3n a trav\u00e9s de medios distintos de la propia Web de la Fundaci\u00f3n (por ejemplo, redes P2P).<\/p>\n<p>Se entiende por uso con fines educativos la utilizaci\u00f3n no comercial de las im\u00e1genes para presentaciones, conferencias, trabajos escolares o universitarios, y publicaciones acad\u00e9micas o de investigaci\u00f3n con tirada inferior a 1.000 ejemplares y sin \u00e1nimo de lucro.<\/p>\n<p><strong>Propiedad Intelectual, Industrial y derechos an\u00e1logos<br \/><\/strong>Todos los contenidos y elementos a los que puedan acceder los usuarios a trav\u00e9s de esta web, ya sean textos, dise\u00f1os gr\u00e1ficos, composiciones sonoras, visuales o audiovisuales o aplicaciones inform\u00e1ticas expresadas en cualquier c\u00f3digo o lenguaje (HTML, JAVA, JAVA SCRIPT, ACTIVE X , etc.) est\u00e1n sujetos a derechos de propiedad intelectual, industrial o de los terceros que en cada caso se indican en la secci\u00f3n de Copyrights de la web. EL ARZOBISPATO DE TARRAGONA &#8211; Delegaci\u00f3n de Cultura de Tarragona no se hace responsable del uso por terceros de estas im\u00e1genes.<\/p>\n<p>El acceso a estos contenidos o elementos a trav\u00e9s de la web no otorga a los usuarios ning\u00fan derecho sobre \u00e9stos, quienes no podr\u00e1n alterarlos, modificarlos, explotarlos, reproducirlos, distribuirlos, ni comunicarlos p\u00fablicamente ni podr\u00e1n ejercitar ning\u00fan otro derecho que corresponda al titular del derecho afectado. Los usuarios que accedan a la web se obligan especialmente a no realizar una explotaci\u00f3n comercial, directa o indirecta, de los contenidos y elementos de la web.<\/p>\n<p><strong>Responsabilidad<br \/><\/strong>El ARZOBISPATO DE TARRAGONA &#8211; Delegaci\u00f3n de Cultura \u00fanicamente ser\u00e1 responsable de la informaci\u00f3n contenida en esta Web que haya sido creada por ella.<\/p>\n<p>E ARZOBISPATO DE TARRAGONA &#8211; Delegaci\u00f3n de Cultura no asume ninguna responsabilidad por informaciones de cualquier tipo que pudieran haber incluido en otras webs no gestionadas directamente por el ARZOBISPATO DE TARRAGONA &#8211; Delegaci\u00f3n de Cultura, a las que esta Web pueda remitir mediante enlaces hipertextuales o \u201clinks\u201d. La finalidad de los \u00ablinks\u00bb que aparecen en esta Web es exclusivamente informativa, no suponiendo, en ning\u00fan caso, una sugerencia o invitaci\u00f3n al usuario a visitar las webs de destino. En consecuencia, el ARZOBISPATO DE TARRAGONA &#8211; Delegaci\u00f3n de Cultura no ser\u00e1, en ning\u00fan caso, responsable del resultado que pueda o pretenda obtener el usuario de las webs a las que acceda a trav\u00e9s de dichos \u201clinks\u201d.<\/p>\n<p>El ARZOBISPATO DE TARRAGONA &#8211; Delegaci\u00f3n de Cultura no responder\u00e1 de los da\u00f1os y perjuicios que pudiera ocasionar la existencia de virus u otros elementos que pudieran causar da\u00f1os a los sistemas inform\u00e1ticos en los documentos electr\u00f3nicos o en los ficheros de usuario de este sitio web o de sitios web de terceros. Asimismo, el ARZOBISPATO DE TARRAGONA &#8211; Delegaci\u00f3n de Cultura no responder\u00e1 tampoco de cualquier interrupci\u00f3n, error o fallo que se produzca en el sistema como consecuencia de un mal funcionamiento de la red o de los servidores conectados a la misma.<\/p>\n<p><strong>Servicios concretos<br \/><\/strong>El ARZOBISPATO DE TARRAGONA &#8211; Delegaci\u00f3n de Cultura ofrece, en su Web determinados servicios a los usuarios que se prestar\u00e1n sometidos a los t\u00e9rminos y condiciones que en cada caso se indiquen en la Web. Los usuarios tendr\u00e1n que leer con atenci\u00f3n las condiciones que se apliquen a cada de estos servicios, lo que en ning\u00fan caso eximir\u00e1, salvo manifestaci\u00f3n expresa en contrario, del cumplimiento de lo que se expresa en estas Advertencias Legales.<\/p>\n<p><strong>Modificaciones<br \/><\/strong>El contenido de esta Web y de las presentes advertencias podr\u00e1 ser modificado o actualizado por el ARZOBISPATO DE TARRAGONA &#8211; Delegaci\u00f3n de Cultura en cualquier momento y sin necesidad de previo aviso.<\/p>\n<p><strong>Legislaci\u00f3n y Jurisdicci\u00f3n<br \/><\/strong>Estas condiciones generales se rigen por la ley espa\u00f1ola. Las partes se someten, a elecci\u00f3n, para la resoluci\u00f3n de los conflictos y con renuncia a cualquier otro fuero, a los juzgados y tribunales del domicilio del usuario.<\/p>\n<p><strong>Cookies<br \/><\/strong>Este sitio web utiliza cookies. Consulte aqu\u00ed la <a href=\"https:\/\/cultura.arqtgn.cat\/es\/mas-informacion-sobre-las-cookies\/\">pol\u00edtica de cookies.<\/a><\/p>\n<p>Actualizado: diciembre de 2023<\/p>\n<p>[\/et_pb_text][\/et_pb_column][\/et_pb_row][\/et_pb_section]<\/p>\n","protected":false},"excerpt":{"rendered":"<p>Todos los derechos reservados.Esta Web ha sido creada por el ARZOBISPATO DE TARRAGONA &#8211; Delegaci\u00f3n de Cultura, con car\u00e1cter informativo y para su utilizaci\u00f3n gratuita y personal por el usuario [&hellip;]<\/p>\n","protected":false},"author":59,"featured_media":0,"parent":524,"menu_order":0,"comment_status":"closed","ping_status":"closed","template":"","meta":{"_et_pb_use_builder":"on","_et_pb_old_content":"","_et_gb_content_width":"","footnotes":""},"class_list":["post-533","page","type-page","status-publish","hentry"],"amp_enabled":true,"_links":{"self":[{"href":"https:\/\/cultura.arqtgn.cat\/es\/wp-json\/wp\/v2\/pages\/533","targetHints":{"allow":["GET"]}}],"collection":[{"href":"https:\/\/cultura.arqtgn.cat\/es\/wp-json\/wp\/v2\/pages"}],"about":[{"href":"https:\/\/cultura.arqtgn.cat\/es\/wp-json\/wp\/v2\/types\/page"}],"author":[{"embeddable":true,"href":"https:\/\/cultura.arqtgn.cat\/es\/wp-json\/wp\/v2\/users\/59"}],"replies":[{"embeddable":true,"href":"https:\/\/cultura.arqtgn.cat\/es\/wp-json\/wp\/v2\/comments?post=533"}],"version-history":[{"count":3,"href":"https:\/\/cultura.arqtgn.cat\/es\/wp-json\/wp\/v2\/pages\/533\/revisions"}],"predecessor-version":[{"id":536,"href":"https:\/\/cultura.arqtgn.cat\/es\/wp-json\/wp\/v2\/pages\/533\/revisions\/536"}],"up":[{"embeddable":true,"href":"https:\/\/cultura.arqtgn.cat\/es\/wp-json\/wp\/v2\/pages\/524"}],"wp:attachment":[{"href":"https:\/\/cultura.arqtgn.cat\/es\/wp-json\/wp\/v2\/media?parent=533"}],"curies":[{"name":"wp","href":"https:\/\/api.w.org\/{rel}","templated":true}]}}